{"id":393,"date":"2021-05-03T11:14:32","date_gmt":"2021-05-03T11:14:32","guid":{"rendered":"https:\/\/www.gustaglobal.com\/tr\/home\/"},"modified":"2024-04-07T22:21:46","modified_gmt":"2024-04-07T19:21:46","slug":"home","status":"publish","type":"page","link":"https:\/\/www.gustaglobal.com\/tr\/","title":{"rendered":"Home"},"content":{"rendered":"\t\t<div data-elementor-type=\"wp-page\" data-elementor-id=\"393\" class=\"elementor elementor-393\">\n\t\t\t\t<div class=\"elementor-element elementor-element-395c6b7f e-flex e-con-boxed e-con e-parent\" data-id=\"395c6b7f\" data-element_type=\"container\" data-settings=\"{&quot;background_background&quot;:&quot;classic&quot;,&quot;content_width&quot;:&quot;boxed&quot;}\" data-core-v316-plus=\"true\">\n\t\t\t\t\t<div class=\"e-con-inner\">\n\t\t<div class=\"elementor-element elementor-element-29aa829a e-con-full e-flex e-con e-child\" data-id=\"29aa829a\" data-element_type=\"container\" data-settings=\"{&quot;content_width&quot;:&quot;full&quot;}\">\n\t\t\t\t<div class=\"elementor-element elementor-element-3bf652ed elementor-widget elementor-widget-heading\" data-id=\"3bf652ed\" data-element_type=\"widget\" data-widget_type=\"heading.default\">\n\t\t\t\t<div class=\"elementor-widget-container\">\n\t\t\t<style>\/*! elementor - v3.19.0 - 26-02-2024 *\/\n.elementor-heading-title{padding:0;margin:0;line-height:1}.elementor-widget-heading .elementor-heading-title[class*=elementor-size-]>a{color:inherit;font-size:inherit;line-height:inherit}.elementor-widget-heading .elementor-heading-title.elementor-size-small{font-size:15px}.elementor-widget-heading .elementor-heading-title.elementor-size-medium{font-size:19px}.elementor-widget-heading .elementor-heading-title.elementor-size-large{font-size:29px}.elementor-widget-heading .elementor-heading-title.elementor-size-xl{font-size:39px}.elementor-widget-heading .elementor-heading-title.elementor-size-xxl{font-size:59px}<\/style><h1 class=\"elementor-heading-title elementor-size-default\">Gusta Global<\/h1>\t\t<\/div>\n\t\t\t\t<\/div>\n\t\t\t\t<div class=\"elementor-element elementor-element-72467f7c elementor-widget elementor-widget-text-editor\" data-id=\"72467f7c\" data-element_type=\"widget\" data-widget_type=\"text-editor.default\">\n\t\t\t\t<div class=\"elementor-widget-container\">\n\t\t\t<style>\/*! elementor - v3.19.0 - 26-02-2024 *\/\n.elementor-widget-text-editor.elementor-drop-cap-view-stacked .elementor-drop-cap{background-color:#69727d;color:#fff}.elementor-widget-text-editor.elementor-drop-cap-view-framed .elementor-drop-cap{color:#69727d;border:3px solid;background-color:transparent}.elementor-widget-text-editor:not(.elementor-drop-cap-view-default) .elementor-drop-cap{margin-top:8px}.elementor-widget-text-editor:not(.elementor-drop-cap-view-default) .elementor-drop-cap-letter{width:1em;height:1em}.elementor-widget-text-editor .elementor-drop-cap{float:left;text-align:center;line-height:1;font-size:50px}.elementor-widget-text-editor .elementor-drop-cap-letter{display:inline-block}<\/style>\t\t\t\t<p>Sat\u0131n alma ve i\u015f geli\u015ftirme alanlar\u0131nda inovasyonu m\u00fckemmellikle birle\u015ftirmeyi hedefledi\u011fimiz Gusta Global&#8217;e ho\u015f geldiniz. \u0130ngiltere merkezli dinamik bir dan\u0131\u015fmanl\u0131k \u015firketi olarak, i\u015fletmelerin sat\u0131n alma ve i\u015f geli\u015ftirme stratejilerini iyile\u015ftirmelerine ve s\u00fcrd\u00fcr\u00fclebilir b\u00fcy\u00fcmelerine destek olmay\u0131 ama\u00e7l\u0131yoruz.<\/p>\t\t\t\t\t\t<\/div>\n\t\t\t\t<\/div>\n\t\t\t\t<div class=\"elementor-element elementor-element-39ed8899 elementor-list-item-link-inline elementor-icon-list--layout-traditional elementor-widget elementor-widget-icon-list\" data-id=\"39ed8899\" data-element_type=\"widget\" data-widget_type=\"icon-list.default\">\n\t\t\t\t<div class=\"elementor-widget-container\">\n\t\t\t<link rel=\"stylesheet\" href=\"https:\/\/www.gustaglobal.com\/tr\/wp-content\/plugins\/elementor\/assets\/css\/widget-icon-list.min.css\">\t\t<ul class=\"elementor-icon-list-items\">\n\t\t\t\t\t\t\t<li class=\"elementor-icon-list-item\">\n\t\t\t\t\t\t\t\t\t\t\t<a href=\"#services\">\n\n\t\t\t\t\t\t\t\t\t\t\t\t<span class=\"elementor-icon-list-icon\">\n\t\t\t\t\t\t\t<svg aria-hidden=\"true\" class=\"e-font-icon-svg e-fas-long-arrow-alt-down\" viewBox=\"0 0 256 512\" xmlns=\"http:\/\/www.w3.org\/2000\/svg\"><path d=\"M168 345.941V44c0-6.627-5.373-12-12-12h-56c-6.627 0-12 5.373-12 12v301.941H41.941c-21.382 0-32.09 25.851-16.971 40.971l86.059 86.059c9.373 9.373 24.569 9.373 33.941 0l86.059-86.059c15.119-15.119 4.411-40.971-16.971-40.971H168z\"><\/path><\/svg>\t\t\t\t\t\t<\/span>\n\t\t\t\t\t\t\t\t\t\t<span class=\"elementor-icon-list-text\"><\/span>\n\t\t\t\t\t\t\t\t\t\t\t<\/a>\n\t\t\t\t\t\t\t\t\t<\/li>\n\t\t\t\t\t\t<\/ul>\n\t\t\t\t<\/div>\n\t\t\t\t<\/div>\n\t\t\t\t<\/div>\n\t\t\t\t\t<\/div>\n\t\t\t\t<\/div>\n\t\t<div class=\"elementor-element elementor-element-6d723f30 e-flex e-con-boxed e-con e-parent\" data-id=\"6d723f30\" data-element_type=\"container\" id=\"services\" data-settings=\"{&quot;content_width&quot;:&quot;boxed&quot;}\" data-core-v316-plus=\"true\">\n\t\t\t\t\t<div class=\"e-con-inner\">\n\t\t<div class=\"elementor-element elementor-element-1730ee7a e-con-full e-flex e-con e-child\" data-id=\"1730ee7a\" data-element_type=\"container\" data-settings=\"{&quot;content_width&quot;:&quot;full&quot;}\">\n\t\t\t\t<div class=\"elementor-element elementor-element-5baa7a6a elementor-widget elementor-widget-heading\" data-id=\"5baa7a6a\" data-element_type=\"widget\" data-widget_type=\"heading.default\">\n\t\t\t\t<div class=\"elementor-widget-container\">\n\t\t\t<h2 class=\"elementor-heading-title elementor-size-default\">Hizmetlerimiz\n<\/h2>\t\t<\/div>\n\t\t\t\t<\/div>\n\t\t<div class=\"elementor-element elementor-element-7abea0d5 e-con-full e-flex e-con e-child\" data-id=\"7abea0d5\" data-element_type=\"container\" data-settings=\"{&quot;content_width&quot;:&quot;full&quot;}\">\n\t\t<div class=\"elementor-element elementor-element-572acbfb e-con-full e-flex e-con e-child\" data-id=\"572acbfb\" data-element_type=\"container\" data-settings=\"{&quot;content_width&quot;:&quot;full&quot;,&quot;background_background&quot;:&quot;classic&quot;}\">\n\t\t\t\t<div class=\"elementor-element elementor-element-52a4159f elementor-widget elementor-widget-heading\" data-id=\"52a4159f\" data-element_type=\"widget\" data-widget_type=\"heading.default\">\n\t\t\t\t<div class=\"elementor-widget-container\">\n\t\t\t<h4 class=\"elementor-heading-title elementor-size-default\">Sat\u0131\u015f ve Pazarlama Dan\u0131\u015fmanl\u0131\u011f\u0131<\/h4>\t\t<\/div>\n\t\t\t\t<\/div>\n\t\t\t\t<div class=\"elementor-element elementor-element-377856a8 elementor-widget elementor-widget-text-editor\" data-id=\"377856a8\" data-element_type=\"widget\" data-widget_type=\"text-editor.default\">\n\t\t\t\t<div class=\"elementor-widget-container\">\n\t\t\t\t\t\t\t<p>\u0130\u015fletmenizin rekabet\u00e7i pazardaki varl\u0131\u011f\u0131n\u0131z\u0131 y\u00fckseltmek i\u00e7in \u00f6zel olarak tasarlanm\u0131\u015f sat\u0131\u015f ve pazarlama stratejileri geli\u015ftiriyoruz. Mevcut metodolojilerinizin titizlikle analiz edilmesiyle, geli\u015ftirilmesi gereken alanlar\u0131 belirleyecek ve pazar eri\u015fiminizi geni\u015fletmek, marka tan\u0131n\u0131rl\u0131\u011f\u0131n\u0131 art\u0131rmak ve gelirinizi g\u00fc\u00e7lendirmek i\u00e7in harekete ge\u00e7ilebilecek \u00f6neriler sunuyoruz.<\/p>\t\t\t\t\t\t<\/div>\n\t\t\t\t<\/div>\n\t\t\t\t<\/div>\n\t\t<div class=\"elementor-element elementor-element-261c6a32 e-con-full e-flex e-con e-child\" data-id=\"261c6a32\" data-element_type=\"container\" data-settings=\"{&quot;content_width&quot;:&quot;full&quot;,&quot;background_background&quot;:&quot;classic&quot;}\">\n\t\t\t\t<div class=\"elementor-element elementor-element-63b92b5c elementor-widget elementor-widget-heading\" data-id=\"63b92b5c\" data-element_type=\"widget\" data-widget_type=\"heading.default\">\n\t\t\t\t<div class=\"elementor-widget-container\">\n\t\t\t<h4 class=\"elementor-heading-title elementor-size-default\">Tedarik Dan\u0131\u015fmanl\u0131\u011f\u0131\n<\/h4>\t\t<\/div>\n\t\t\t\t<\/div>\n\t\t\t\t<div class=\"elementor-element elementor-element-75c7de37 elementor-widget elementor-widget-text-editor\" data-id=\"75c7de37\" data-element_type=\"widget\" data-widget_type=\"text-editor.default\">\n\t\t\t\t<div class=\"elementor-widget-container\">\n\t\t\t\t\t\t\t<p>Tedarik s\u00fcre\u00e7lerinizde verimlili\u011fi art\u0131rma ve maliyet optimizasyonu sa\u011flama konusundaki uzmanl\u0131\u011f\u0131m\u0131z ile tedarik zinciri karma\u015f\u0131kl\u0131klar\u0131n\u0131 y\u00f6nlendirmek, riskleri azaltmak ve kurulu\u015funuz i\u00e7in s\u00fcrd\u00fcr\u00fclebilir b\u00fcy\u00fcmeyi sa\u011flamak ad\u0131na uzman rehberlik sunmaktay\u0131z.<\/p>\t\t\t\t\t\t<\/div>\n\t\t\t\t<\/div>\n\t\t\t\t<\/div>\n\t\t<div class=\"elementor-element elementor-element-7cc24bd2 e-con-full e-flex e-con e-child\" data-id=\"7cc24bd2\" data-element_type=\"container\" data-settings=\"{&quot;content_width&quot;:&quot;full&quot;,&quot;background_background&quot;:&quot;classic&quot;}\">\n\t\t\t\t<div class=\"elementor-element elementor-element-5d135ea0 elementor-widget elementor-widget-heading\" data-id=\"5d135ea0\" data-element_type=\"widget\" data-widget_type=\"heading.default\">\n\t\t\t\t<div class=\"elementor-widget-container\">\n\t\t\t<h4 class=\"elementor-heading-title elementor-size-default\">Acentelik\n<\/h4>\t\t<\/div>\n\t\t\t\t<\/div>\n\t\t\t\t<div class=\"elementor-element elementor-element-54d19d75 elementor-widget elementor-widget-text-editor\" data-id=\"54d19d75\" data-element_type=\"widget\" data-widget_type=\"text-editor.default\">\n\t\t\t\t<div class=\"elementor-widget-container\">\n\t\t\t\t\t\t\t<p>Sizin ad\u0131n\u0131za, i\u015fletmenizin ve\u00a0 \u00a0 plastik end\u00fcstrisindeki geni\u015f i\u015fbirlik\u00e7i a\u011f\u0131m\u0131z aras\u0131nda bir arac\u0131 olarak hizmet edece\u011fiz. Ba\u011flant\u0131lar\u0131m\u0131z\u0131 kullanarak, size taze f\u0131rsatlara eri\u015fim sa\u011flayacak, m\u00fczakere s\u00fcre\u00e7lerini optimize edecek ve pazar\u0131n\u0131z\u0131 geni\u015fletmek i\u00e7in karl\u0131 i\u015f birlikleri geli\u015ftirmenize yard\u0131mc\u0131 oluyoruz.<\/p>\t\t\t\t\t\t<\/div>\n\t\t\t\t<\/div>\n\t\t\t\t<\/div>\n\t\t<div class=\"elementor-element elementor-element-f615522 e-con-full e-flex e-con e-child\" data-id=\"f615522\" data-element_type=\"container\" data-settings=\"{&quot;content_width&quot;:&quot;full&quot;,&quot;background_background&quot;:&quot;classic&quot;}\">\n\t\t\t\t<div class=\"elementor-element elementor-element-139350c elementor-widget elementor-widget-heading\" data-id=\"139350c\" data-element_type=\"widget\" data-widget_type=\"heading.default\">\n\t\t\t\t<div class=\"elementor-widget-container\">\n\t\t\t<h4 class=\"elementor-heading-title elementor-size-default\">Pazar Ara\u015ft\u0131rmas\u0131<\/h4>\t\t<\/div>\n\t\t\t\t<\/div>\n\t\t\t\t<div class=\"elementor-element elementor-element-d8502c7 elementor-widget elementor-widget-text-editor\" data-id=\"d8502c7\" data-element_type=\"widget\" data-widget_type=\"text-editor.default\">\n\t\t\t\t<div class=\"elementor-widget-container\">\n\t\t\t\t\t\t\t<p>Kapsaml\u0131 pazar ara\u015ft\u0131rma \u00e7\u00f6z\u00fcmlerimizle rekabet avantaj\u0131 elde edin. End\u00fcstri dinamikleri, t\u00fcketici davran\u0131\u015flar\u0131 ve rekabet ortamlar\u0131 hakk\u0131nda k\u0131ymetli veri ve analiz sunarak stratejik, bilin\u00e7li kararlar alman\u0131za ve etkili bi\u00e7imde ortaya \u00e7\u0131kan f\u0131rsatlar\u0131 yakalaman\u0131z\u0131 sa\u011fl\u0131yoruz.<\/p>\t\t\t\t\t\t<\/div>\n\t\t\t\t<\/div>\n\t\t\t\t<\/div>\n\t\t\t\t<\/div>\n\t\t\t\t<\/div>\n\t\t\t\t\t<\/div>\n\t\t\t\t<\/div>\n\t\t<div class=\"elementor-element elementor-element-24cc407a e-flex e-con-boxed e-con e-parent\" data-id=\"24cc407a\" data-element_type=\"container\" data-settings=\"{&quot;background_background&quot;:&quot;classic&quot;,&quot;content_width&quot;:&quot;boxed&quot;}\" data-core-v316-plus=\"true\">\n\t\t\t\t\t<div class=\"e-con-inner\">\n\t\t<div class=\"elementor-element elementor-element-5b2a9fcf e-con-full e-flex e-con e-child\" data-id=\"5b2a9fcf\" data-element_type=\"container\" data-settings=\"{&quot;content_width&quot;:&quot;full&quot;,&quot;background_background&quot;:&quot;classic&quot;}\">\n\t\t\t\t<div class=\"elementor-element elementor-element-188e77bd elementor-widget elementor-widget-heading\" data-id=\"188e77bd\" data-element_type=\"widget\" data-widget_type=\"heading.default\">\n\t\t\t\t<div class=\"elementor-widget-container\">\n\t\t\t<h2 class=\"elementor-heading-title elementor-size-default\">Hakk\u0131m\u0131zda<\/h2>\t\t<\/div>\n\t\t\t\t<\/div>\n\t\t\t\t<div class=\"elementor-element elementor-element-b05497f elementor-widget elementor-widget-text-editor\" data-id=\"b05497f\" data-element_type=\"widget\" data-widget_type=\"text-editor.default\">\n\t\t\t\t<div class=\"elementor-widget-container\">\n\t\t\t\t\t\t\t<blockquote><p><span style=\"color: #ffffff;\">On y\u0131l\u0131 a\u015fan deneyimimizle, plastik hammadde tedarik\u00e7ilerine, plastik \u00fcr\u00fcn \u00fcreticilerine, kullan\u0131c\u0131lara ve sat\u0131c\u0131lara \u00f6zel \u00e7\u00f6z\u00fcmler sunmada uzmanla\u015ft\u0131k. Plastik sekt\u00f6r\u00fcndeki geni\u015f i\u015f orta\u011f\u0131 a\u011f\u0131m\u0131z, \u00f6zel ihtiya\u00e7lar\u0131n\u0131z\u0131 kar\u015f\u0131lamak i\u00e7in benzersiz ve etkili \u00e7\u00f6z\u00fcmler sunmam\u0131za olanak tan\u0131maktad\u0131r.<\/span><\/p><p><span style=\"color: #ffffff;\">Kapsaml\u0131 dan\u0131\u015fmanl\u0131k hizmetlerimizi ve i\u015f hedeflerinizi ba\u015far\u0131yla ger\u00e7ekle\u015ftirmenize nas\u0131l yard\u0131mc\u0131 olabilece\u011fimizi ke\u015ffedin. Somut sonu\u00e7lar elde etmek ve i\u015fletme verimlili\u011finizi art\u0131rmak i\u00e7in sizinle i\u015f birli\u011fi yapmaya haz\u0131r\u0131z.<\/span><\/p><\/blockquote>\t\t\t\t\t\t<\/div>\n\t\t\t\t<\/div>\n\t\t\t\t<div class=\"elementor-element elementor-element-30a61d2c elementor-widget elementor-widget-heading\" data-id=\"30a61d2c\" data-element_type=\"widget\" data-widget_type=\"heading.default\">\n\t\t\t\t<div class=\"elementor-widget-container\">\n\t\t\t<h4 class=\"elementor-heading-title elementor-size-default\">Misyonumuz.\n<\/h4>\t\t<\/div>\n\t\t\t\t<\/div>\n\t\t\t\t<div class=\"elementor-element elementor-element-2ebaa6b5 elementor-widget elementor-widget-text-editor\" data-id=\"2ebaa6b5\" data-element_type=\"widget\" data-widget_type=\"text-editor.default\">\n\t\t\t\t<div class=\"elementor-widget-container\">\n\t\t\t\t\t\t\t<p>Uzman Rehberlikle K\u00fcresel B\u00fcy\u00fcmeyi G\u00fc\u00e7lendirmek Gusta Global olarak misyonumuz, \u015firketlere uzman dan\u0131\u015fmanl\u0131k hizmetleri sunarak k\u00fcresel pazarda giri\u015f yapmalar\u0131n\u0131 ve geni\u015flemelerini sa\u011flamakt\u0131r. Her m\u00fc\u015fteriye \u00f6zel stratejik destek sunarak uluslararas\u0131 b\u00fcy\u00fcmeyi ve ba\u015far\u0131y\u0131 te\u015fvik etmeyi ama\u00e7l\u0131yoruz.<\/p>\t\t\t\t\t\t<\/div>\n\t\t\t\t<\/div>\n\t\t\t\t<\/div>\n\t\t<div class=\"elementor-element elementor-element-15d21a77 e-con-full e-flex e-con e-child\" data-id=\"15d21a77\" data-element_type=\"container\" data-settings=\"{&quot;content_width&quot;:&quot;full&quot;}\">\n\t\t\t\t<div class=\"elementor-element elementor-element-112a50b2 elementor-widget elementor-widget-heading\" data-id=\"112a50b2\" data-element_type=\"widget\" data-widget_type=\"heading.default\">\n\t\t\t\t<div class=\"elementor-widget-container\">\n\t\t\t<h4 class=\"elementor-heading-title elementor-size-default\">Vizyonumuz.\n<\/h4>\t\t<\/div>\n\t\t\t\t<\/div>\n\t\t\t\t<div class=\"elementor-element elementor-element-72b22ee elementor-widget elementor-widget-text-editor\" data-id=\"72b22ee\" data-element_type=\"widget\" data-widget_type=\"text-editor.default\">\n\t\t\t\t<div class=\"elementor-widget-container\">\n\t\t\t\t\t\t\t<p>K\u00fcresel Ba\u015far\u0131 Hikayelerini \u015eekillendirme Gusta Global&#8217;de vizyonumuz; k\u00fcresel pazara girmek veya geni\u015flemek isteyen \u015firketlerin ba\u015far\u0131 hikayelerini \u015fekillendirmede \u00f6nemli bir rol oynamakt\u0131r.<\/p>\t\t\t\t\t\t<\/div>\n\t\t\t\t<\/div>\n\t\t\t\t<div class=\"elementor-element elementor-element-cc3638f elementor-widget elementor-widget-heading\" data-id=\"cc3638f\" data-element_type=\"widget\" data-widget_type=\"heading.default\">\n\t\t\t\t<div class=\"elementor-widget-container\">\n\t\t\t<h4 class=\"elementor-heading-title elementor-size-default\">De\u011ferlerimiz\n\n<\/h4>\t\t<\/div>\n\t\t\t\t<\/div>\n\t\t\t\t<div class=\"elementor-element elementor-element-1fe490ef elementor-widget elementor-widget-text-editor\" data-id=\"1fe490ef\" data-element_type=\"widget\" data-widget_type=\"text-editor.default\">\n\t\t\t\t<div class=\"elementor-widget-container\">\n\t\t\t\t\t\t\t<p>Gusta Global&#8217;de, ba\u015far\u0131m\u0131z\u0131n temelini olu\u015fturan ve bizi rakiplerimizden ay\u0131ran temel de\u011ferlere ba\u011fl\u0131 kal\u0131yoruz. G\u00fcven, d\u00fcr\u00fcstl\u00fck ve m\u00fckemmelli\u011fe olan kar\u015f\u0131l\u0131kl\u0131 ba\u011fl\u0131l\u0131\u011fa dayal\u0131 uzun vadeli i\u015f ortakl\u0131klar\u0131 kurma konusunda kararl\u0131y\u0131z.<\/p>\t\t\t\t\t\t<\/div>\n\t\t\t\t<\/div>\n\t\t\t\t<\/div>\n\t\t\t\t\t<\/div>\n\t\t\t\t<\/div>\n\t\t<div class=\"elementor-element elementor-element-32cea0e e-flex e-con-boxed e-con e-parent\" data-id=\"32cea0e\" data-element_type=\"container\" data-settings=\"{&quot;content_width&quot;:&quot;boxed&quot;}\" data-core-v316-plus=\"true\">\n\t\t\t\t\t<div class=\"e-con-inner\">\n\t\t<div class=\"elementor-element elementor-element-67b3d7c1 e-con-full e-flex e-con e-child\" data-id=\"67b3d7c1\" data-element_type=\"container\" data-settings=\"{&quot;content_width&quot;:&quot;full&quot;}\">\n\t\t\t\t<div class=\"elementor-element elementor-element-32f092ff elementor-widget elementor-widget-heading\" data-id=\"32f092ff\" data-element_type=\"widget\" data-widget_type=\"heading.default\">\n\t\t\t\t<div class=\"elementor-widget-container\">\n\t\t\t<h2 class=\"elementor-heading-title elementor-size-default\">Kafan\u0131zda bir proje mi var?<\/h2>\t\t<\/div>\n\t\t\t\t<\/div>\n\t\t\t\t<div class=\"elementor-element elementor-element-17f4b96b elementor-widget elementor-widget-text-editor\" data-id=\"17f4b96b\" data-element_type=\"widget\" data-widget_type=\"text-editor.default\">\n\t\t\t\t<div class=\"elementor-widget-container\">\n\t\t\t\t\t\t\t<p>Fikirlerinizi hayata ge\u00e7irmenize yard\u0131mc\u0131 olabiliriz. Birlikte neler in\u015fa edebilece\u011fimizi ve y\u00fckseltebilece\u011fimizi konu\u015fal\u0131m.<\/p>\t\t\t\t\t\t<\/div>\n\t\t\t\t<\/div>\n\t\t\t\t<div class=\"elementor-element elementor-element-77ab40c elementor-align-center elementor-widget elementor-widget-button\" data-id=\"77ab40c\" data-element_type=\"widget\" data-widget_type=\"button.default\">\n\t\t\t\t<div class=\"elementor-widget-container\">\n\t\t\t\t\t<div class=\"elementor-button-wrapper\">\n\t\t\t<a class=\"elementor-button elementor-button-link elementor-size-xs\" href=\"&#109;&#x61;&#x69;l&#116;&#x6f;:&#105;&#x6e;f&#111;&#x40;g&#117;&#x73;&#x74;&#97;&#x67;&#x6c;o&#98;&#x61;l&#46;&#x63;o&#109;\">\n\t\t\t\t\t\t<span class=\"elementor-button-content-wrapper\">\n\t\t\t\t\t\t<span class=\"elementor-button-text\">Buraya t\u0131kla<\/span>\n\t\t<\/span>\n\t\t\t\t\t<\/a>\n\t\t<\/div>\n\t\t\t\t<\/div>\n\t\t\t\t<\/div>\n\t\t\t\t<\/div>\n\t\t\t\t\t<\/div>\n\t\t\t\t<\/div>\n\t\t<div class=\"elementor-element elementor-element-56678565 e-flex e-con-boxed e-con e-parent\" data-id=\"56678565\" data-element_type=\"container\" data-settings=\"{&quot;background_background&quot;:&quot;classic&quot;,&quot;content_width&quot;:&quot;boxed&quot;}\" data-core-v316-plus=\"true\">\n\t\t\t\t\t<div class=\"e-con-inner\">\n\t\t<div class=\"elementor-element elementor-element-71786c66 e-con-full e-flex e-con e-child\" data-id=\"71786c66\" data-element_type=\"container\" data-settings=\"{&quot;content_width&quot;:&quot;full&quot;,&quot;background_background&quot;:&quot;classic&quot;}\">\n\t\t<div class=\"elementor-element elementor-element-3aacb859 e-con-full e-flex e-con e-child\" data-id=\"3aacb859\" data-element_type=\"container\" data-settings=\"{&quot;content_width&quot;:&quot;full&quot;}\">\n\t\t<div class=\"elementor-element elementor-element-1495a1c1 e-con-full e-flex e-con e-child\" data-id=\"1495a1c1\" data-element_type=\"container\" data-settings=\"{&quot;content_width&quot;:&quot;full&quot;}\">\n\t\t\t\t<div class=\"elementor-element elementor-element-47359248 elementor-widget elementor-widget-heading\" data-id=\"47359248\" data-element_type=\"widget\" data-widget_type=\"heading.default\">\n\t\t\t\t<div class=\"elementor-widget-container\">\n\t\t\t<h2 class=\"elementor-heading-title elementor-size-default\">Birlikte geli\u015fen bir i\u015f kural\u0131m<\/h2>\t\t<\/div>\n\t\t\t\t<\/div>\n\t\t\t\t<\/div>\n\t\t<div class=\"elementor-element elementor-element-3766b03a e-con-full e-flex e-con e-child\" data-id=\"3766b03a\" data-element_type=\"container\" data-settings=\"{&quot;content_width&quot;:&quot;full&quot;}\">\n\t\t\t\t<div class=\"elementor-element elementor-element-1d4915b8 elementor-widget elementor-widget-text-editor\" data-id=\"1d4915b8\" data-element_type=\"widget\" data-widget_type=\"text-editor.default\">\n\t\t\t\t<div class=\"elementor-widget-container\">\n\t\t\t\t\t\t\t<p>Bizimle ba\u011flant\u0131 kurdu\u011funuzda, i\u015finizi tek ba\u015f\u0131n\u0131za b\u00fcy\u00fctmezsiniz. Arkan\u0131zday\u0131z ve t\u00fcm ekibinizin ve kurulu\u015funuzun b\u00fcy\u00fcmesine katk\u0131da bulunmak i\u00e7in elimizden gelenin en iyisini yap\u0131yoruz. Dolay\u0131s\u0131yla, iyi bir \u00e7evrimi\u00e7i varl\u0131k olu\u015fturman\u0131za ve daha fazla d\u00f6n\u00fc\u015f\u00fcm ve gelir elde etmenize yard\u0131mc\u0131 olacak do\u011fru ajans\u0131 ar\u0131yorsan\u0131z, biz tam buraday\u0131z!<\/p>\t\t\t\t\t\t<\/div>\n\t\t\t\t<\/div>\n\t\t\t\t<\/div>\n\t\t\t\t<\/div>\n\t\t\t\t<\/div>\n\t\t\t\t\t<\/div>\n\t\t\t\t<\/div>\n\t\t\t\t<\/div>\n\t\t","protected":false},"excerpt":{"rendered":"<p>Gusta Global Sat\u0131n alma ve i\u015f geli\u015ftirme alanlar\u0131nda inovasyonu m\u00fckemmellikle birle\u015ftirmeyi hedefledi\u011fimiz Gusta Global&#8217;e ho\u015f geldiniz. \u0130ngiltere merkezli dinamik bir dan\u0131\u015fmanl\u0131k \u015firketi olarak, i\u015fletmelerin sat\u0131n alma ve i\u015f geli\u015ftirme stratejilerini iyile\u015ftirmelerine ve s\u00fcrd\u00fcr\u00fclebilir b\u00fcy\u00fcmelerine destek olmay\u0131 ama\u00e7l\u0131yoruz. Hizmetlerimiz Sat\u0131\u015f ve Pazarlama Dan\u0131\u015fmanl\u0131\u011f\u0131 \u0130\u015fletmenizin rekabet\u00e7i pazardaki varl\u0131\u011f\u0131n\u0131z\u0131 y\u00fckseltmek i\u00e7in \u00f6zel olarak tasarlanm\u0131\u015f sat\u0131\u015f ve pazarlama stratejileri [&hellip;]<\/p>\n","protected":false},"author":2,"featured_media":0,"parent":0,"menu_order":0,"comment_status":"closed","ping_status":"closed","template":"","meta":{"site-sidebar-layout":"no-sidebar","site-content-layout":"page-builder","ast-site-content-layout":"full-width-container","site-content-style":"unboxed","site-sidebar-style":"unboxed","ast-global-header-display":"","ast-banner-title-visibility":"","ast-main-header-display":"","ast-hfb-above-header-display":"","ast-hfb-below-header-display":"","ast-hfb-mobile-header-display":"","site-post-title":"disabled","ast-breadcrumbs-content":"","ast-featured-img":"disabled","footer-sml-layout":"","theme-transparent-header-meta":"enabled","adv-header-id-meta":"","stick-header-meta":"","header-above-stick-meta":"","header-main-stick-meta":"","header-below-stick-meta":"","astra-migrate-meta-layouts":"set","ast-page-background-enabled":"default","ast-page-background-meta":{"desktop":{"background-color":"","background-image":"","background-repeat":"repeat","background-position":"center center","background-size":"auto","background-attachment":"scroll","background-type":"","background-media":"","overlay-type":"","overlay-color":"","overlay-gradient":""},"tablet":{"background-color":"","background-image":"","background-repeat":"repeat","background-position":"center center","background-size":"auto","background-attachment":"scroll","background-type":"","background-media":"","overlay-type":"","overlay-color":"","overlay-gradient":""},"mobile":{"background-color":"","background-image":"","background-repeat":"repeat","background-position":"center center","background-size":"auto","background-attachment":"scroll","background-type":"","background-media":"","overlay-type":"","overlay-color":"","overlay-gradient":""}},"ast-content-background-meta":{"desktop":{"background-color":"var(--ast-global-color-5)","background-image":"","background-repeat":"repeat","background-position":"center center","background-size":"auto","background-attachment":"scroll","background-type":"","background-media":"","overlay-type":"","overlay-color":"","overlay-gradient":""},"tablet":{"background-color":"var(--ast-global-color-5)","background-image":"","background-repeat":"repeat","background-position":"center center","background-size":"auto","background-attachment":"scroll","background-type":"","background-media":"","overlay-type":"","overlay-color":"","overlay-gradient":""},"mobile":{"background-color":"var(--ast-global-color-5)","background-image":"","background-repeat":"repeat","background-position":"center center","background-size":"auto","background-attachment":"scroll","background-type":"","background-media":"","overlay-type":"","overlay-color":"","overlay-gradient":""}},"footnotes":""},"_links":{"self":[{"href":"https:\/\/www.gustaglobal.com\/tr\/wp-json\/wp\/v2\/pages\/393"}],"collection":[{"href":"https:\/\/www.gustaglobal.com\/tr\/wp-json\/wp\/v2\/pages"}],"about":[{"href":"https:\/\/www.gustaglobal.com\/tr\/wp-json\/wp\/v2\/types\/page"}],"author":[{"embeddable":true,"href":"https:\/\/www.gustaglobal.com\/tr\/wp-json\/wp\/v2\/users\/2"}],"replies":[{"embeddable":true,"href":"https:\/\/www.gustaglobal.com\/tr\/wp-json\/wp\/v2\/comments?post=393"}],"version-history":[{"count":87,"href":"https:\/\/www.gustaglobal.com\/tr\/wp-json\/wp\/v2\/pages\/393\/revisions"}],"predecessor-version":[{"id":1165,"href":"https:\/\/www.gustaglobal.com\/tr\/wp-json\/wp\/v2\/pages\/393\/revisions\/1165"}],"wp:attachment":[{"href":"https:\/\/www.gustaglobal.com\/tr\/wp-json\/wp\/v2\/media?parent=393"}],"curies":[{"name":"wp","href":"https:\/\/api.w.org\/{rel}","templated":true}]}}